{"id":11,"date":"2019-01-02T13:26:54","date_gmt":"2019-01-02T13:26:54","guid":{"rendered":"http:\/\/www.asemglobaltrade.com\/wp\/?page_id=11"},"modified":"2021-03-10T12:31:22","modified_gmt":"2021-03-10T12:31:22","slug":"bizkimiz","status":"publish","type":"page","link":"https:\/\/www.mbcmedya.net\/tr\/bizkimiz\/","title":{"rendered":"Biz Kimiz?"},"content":{"rendered":"\n<div class=\"wp-block-columns is-layout-flex wp-container-core-columns-is-layout-9d6595d7 wp-block-columns-is-layout-flex\">\n<div class=\"wp-block-column is-layout-flow wp-block-column-is-layout-flow\" style=\"flex-basis:100%\">\n<div class=\"wp-block-columns is-layout-flex wp-container-core-columns-is-layout-9d6595d7 wp-block-columns-is-layout-flex\">\n<div class=\"wp-block-column is-layout-flow wp-block-column-is-layout-flow\" style=\"flex-basis:100%\">\n<div class=\"wp-block-columns is-layout-flex wp-container-core-columns-is-layout-9d6595d7 wp-block-columns-is-layout-flex\">\n<div class=\"wp-block-column is-layout-flow wp-block-column-is-layout-flow\" style=\"flex-basis:66.66%\">\n<h3 class=\"wp-block-heading\"><strong>MBCMEDYA Kimdir?<\/strong><\/h3>\n\n\n\n<p>MBCMEDYA, gen\u00e7 ve dinamik bir dijital reklam ajans\u0131d\u0131r. Reklam b\u00fct\u00e7elerinin sosyal medya ve internet reklamc\u0131l\u0131\u011f\u0131 uygulamalar\u0131nda en etkin kullan\u0131m\u0131 i\u00e7in azami gayret sarfeden ekibi ile verimlili\u011fi maksimize eden bir tan\u0131t\u0131m s\u00fcrecini planlar, uygular ve takibini yaparak en do\u011fru \u015fekilde raporlar.  Dijital mecrada her b\u00fcy\u00fckl\u00fckteki reklam \u00e7al\u0131\u015fmalar\u0131n\u0131; en do\u011fru, etkin ve verimli \u015fekilde sonu\u00e7land\u0131rmak i\u00e7in \u00e7al\u0131\u015fmalar yapar.  Dijital pazarlama s\u00fcre\u00e7lerinin belirlenmesi ve y\u00f6netiminde aktif g\u00f6rev ve sorumluluk al\u0131r. MBCMEDYA ayr\u0131ca; Web tasar\u0131m\u0131, arama motoru optimizasyonu, sosyal medya y\u00f6netimi konular\u0131nda da faaliyet g\u00f6stermektedir.<\/p>\n\n\n\n<h5 class=\"wp-block-heading\"><strong>MBCMEDYA Profesyonel Bir&nbsp;Dijital Reklam Ajans\u0131d\u0131r<\/strong><\/h5>\n\n\n\n<h5 class=\"wp-block-heading\">Firman\u0131z\u0131n ihtiyac\u0131 nedir?<\/h5>\n\n\n\n<ul class=\"wp-block-list\"><li>Profesyonel Web Sitesi Tasar\u0131m\u0131<\/li><li>\u0130\u00e7erik Y\u00f6netim Sistemi<\/li><li>Arama Motoru Optimizasyonu<\/li><li>Dijital Pazarlama Deste\u011fi<\/li><li>Google Adwords<\/li><li>Facebook \/ Instagram Reklamlar\u0131<\/li><li>Sosyal Medya Y\u00f6netimi<\/li><\/ul>\n<\/div>\n\n\n\n<div class=\"wp-block-column is-layout-flow wp-block-column-is-layout-flow\" style=\"flex-basis:33.33%\">\n<div class=\"wp-block-cover has-luminous-vivid-amber-background-color has-background-dim popmake-390\"><div class=\"wp-block-cover__inner-container is-layout-flow wp-block-cover-is-layout-flow\">\n<h3 class=\"has-text-align-center has-white-color has-text-color wp-block-heading\">Hizmetlerimiz ile ilgili<br><strong>Hemen Teklif \u0130steyin!<\/strong><\/h3>\n<\/div><\/div>\n<\/div>\n<\/div>\n<\/div>\n<\/div>\n<\/div>\n<\/div>\n","protected":false},"excerpt":{"rendered":"<p>MBCMEDYA Kimdir? MBCMEDYA, gen\u00e7 ve dinamik bir dijital reklam ajans\u0131d\u0131r. Reklam b\u00fct\u00e7elerinin sosyal medya ve internet reklamc\u0131l\u0131\u011f\u0131 uygulamalar\u0131nda en etkin kullan\u0131m\u0131 i\u00e7in azami gayret sarfeden ekibi ile verimlili\u011fi maksimize eden bir tan\u0131t\u0131m s\u00fcrecini planlar, uygular ve takibini yaparak en do\u011fru [&hellip;]<\/p>\n","protected":false},"author":1,"featured_media":369,"parent":0,"menu_order":0,"comment_status":"closed","ping_status":"closed","template":"","meta":{"_price":"","_stock":"","_tribe_ticket_header":"","_tribe_default_ticket_provider":"","_tribe_ticket_capacity":"","_ticket_start_date":"","_ticket_end_date":"","_tribe_ticket_show_description":"","_tribe_ticket_show_not_going":false,"_tribe_ticket_use_global_stock":"","_tribe_ticket_global_stock_level":"","_global_stock_mode":"","_global_stock_cap":"","_tribe_rsvp_for_event":"","_tribe_ticket_going_count":"","_tribe_ticket_not_going_count":"","_tribe_tickets_list":"[]","_tribe_ticket_has_attendee_info_fields":false,"_joinchat":[],"footnotes":""},"class_list":["post-11","page","type-page","status-publish","has-post-thumbnail","hentry"],"yoast_head":"<!-- This site is optimized with the Yoast SEO plugin v21.8 - https:\/\/yoast.com\/wordpress\/plugins\/seo\/ -->\n<title>Biz Kimiz? - MBCMEDYA Dijital Medya Ajans\u0131<\/title>\n<meta name=\"robots\" content=\"index, follow, max-snippet:-1, max-image-preview:large, max-video-preview:-1\" \/>\n<link rel=\"canonical\" href=\"https:\/\/www.mbcmedya.net\/tr\/bizkimiz\/\" \/>\n<meta property=\"og:locale\" content=\"tr_TR\" \/>\n<meta property=\"og:type\" content=\"article\" \/>\n<meta property=\"og:title\" content=\"Biz Kimiz? - MBCMEDYA Dijital Medya Ajans\u0131\" \/>\n<meta property=\"og:description\" content=\"MBCMEDYA Kimdir? MBCMEDYA, gen\u00e7 ve dinamik bir dijital reklam ajans\u0131d\u0131r. Reklam b\u00fct\u00e7elerinin sosyal medya ve internet reklamc\u0131l\u0131\u011f\u0131 uygulamalar\u0131nda en etkin kullan\u0131m\u0131 i\u00e7in azami gayret sarfeden ekibi ile verimlili\u011fi maksimize eden bir tan\u0131t\u0131m s\u00fcrecini planlar, uygular ve takibini yaparak en do\u011fru [&hellip;]\" \/>\n<meta property=\"og:url\" content=\"https:\/\/www.mbcmedya.net\/tr\/bizkimiz\/\" \/>\n<meta property=\"og:site_name\" content=\"MBCMEDYA Dijital Medya Ajans\u0131\" \/>\n<meta property=\"article:modified_time\" content=\"2021-03-10T12:31:22+00:00\" \/>\n<meta property=\"og:image\" content=\"https:\/\/www.mbcmedya.net\/tr\/wp-content\/uploads\/2020\/12\/creative-team-using-laptop-and-digital-tablet-whil-EQ3FDGS.jpg\" \/>\n\t<meta property=\"og:image:width\" content=\"1600\" \/>\n\t<meta property=\"og:image:height\" content=\"900\" \/>\n\t<meta property=\"og:image:type\" content=\"image\/jpeg\" \/>\n<meta name=\"twitter:card\" content=\"summary_large_image\" \/>\n<meta name=\"twitter:label1\" content=\"Tahmini okuma s\u00fcresi\" \/>\n\t<meta name=\"twitter:data1\" content=\"1 dakika\" \/>\n<script type=\"application\/ld+json\" class=\"yoast-schema-graph\">{\"@context\":\"https:\/\/schema.org\",\"@graph\":[{\"@type\":\"WebPage\",\"@id\":\"https:\/\/www.mbcmedya.net\/tr\/bizkimiz\/\",\"url\":\"https:\/\/www.mbcmedya.net\/tr\/bizkimiz\/\",\"name\":\"Biz Kimiz? - MBCMEDYA Dijital Medya Ajans\u0131\",\"isPartOf\":{\"@id\":\"https:\/\/www.mbcmedya.net\/tr\/#website\"},\"datePublished\":\"2019-01-02T13:26:54+00:00\",\"dateModified\":\"2021-03-10T12:31:22+00:00\",\"breadcrumb\":{\"@id\":\"https:\/\/www.mbcmedya.net\/tr\/bizkimiz\/#breadcrumb\"},\"inLanguage\":\"tr\",\"potentialAction\":[{\"@type\":\"ReadAction\",\"target\":[\"https:\/\/www.mbcmedya.net\/tr\/bizkimiz\/\"]}]},{\"@type\":\"BreadcrumbList\",\"@id\":\"https:\/\/www.mbcmedya.net\/tr\/bizkimiz\/#breadcrumb\",\"itemListElement\":[{\"@type\":\"ListItem\",\"position\":1,\"name\":\"Ana sayfa\",\"item\":\"https:\/\/www.mbcmedya.net\/tr\/\"},{\"@type\":\"ListItem\",\"position\":2,\"name\":\"Biz Kimiz?\"}]},{\"@type\":\"WebSite\",\"@id\":\"https:\/\/www.mbcmedya.net\/tr\/#website\",\"url\":\"https:\/\/www.mbcmedya.net\/tr\/\",\"name\":\"MBCMEDYA Dijital Reklam Ajans\u0131\",\"description\":\"www.mbcmedya.net\",\"publisher\":{\"@id\":\"https:\/\/www.mbcmedya.net\/tr\/#organization\"},\"potentialAction\":[{\"@type\":\"SearchAction\",\"target\":{\"@type\":\"EntryPoint\",\"urlTemplate\":\"https:\/\/www.mbcmedya.net\/tr\/?s={search_term_string}\"},\"query-input\":\"required name=search_term_string\"}],\"inLanguage\":\"tr\"},{\"@type\":\"Organization\",\"@id\":\"https:\/\/www.mbcmedya.net\/tr\/#organization\",\"name\":\"MBCMEDYA Dijital Reklam Ajans\u0131\",\"url\":\"https:\/\/www.mbcmedya.net\/tr\/\",\"logo\":{\"@type\":\"ImageObject\",\"inLanguage\":\"tr\",\"@id\":\"https:\/\/www.mbcmedya.net\/tr\/#\/schema\/logo\/image\/\",\"url\":\"https:\/\/www.mbcmedya.net\/tr\/wp-content\/uploads\/2020\/03\/mbcmedyatoplogo.png\",\"contentUrl\":\"https:\/\/www.mbcmedya.net\/tr\/wp-content\/uploads\/2020\/03\/mbcmedyatoplogo.png\",\"width\":300,\"height\":36,\"caption\":\"MBCMEDYA Dijital Reklam Ajans\u0131\"},\"image\":{\"@id\":\"https:\/\/www.mbcmedya.net\/tr\/#\/schema\/logo\/image\/\"}}]}<\/script>\n<!-- \/ Yoast SEO plugin. -->","yoast_head_json":{"title":"Biz Kimiz? - MBCMEDYA Dijital Medya Ajans\u0131","robots":{"index":"index","follow":"follow","max-snippet":"max-snippet:-1","max-image-preview":"max-image-preview:large","max-video-preview":"max-video-preview:-1"},"canonical":"https:\/\/www.mbcmedya.net\/tr\/bizkimiz\/","og_locale":"tr_TR","og_type":"article","og_title":"Biz Kimiz? - MBCMEDYA Dijital Medya Ajans\u0131","og_description":"MBCMEDYA Kimdir? MBCMEDYA, gen\u00e7 ve dinamik bir dijital reklam ajans\u0131d\u0131r. Reklam b\u00fct\u00e7elerinin sosyal medya ve internet reklamc\u0131l\u0131\u011f\u0131 uygulamalar\u0131nda en etkin kullan\u0131m\u0131 i\u00e7in azami gayret sarfeden ekibi ile verimlili\u011fi maksimize eden bir tan\u0131t\u0131m s\u00fcrecini planlar, uygular ve takibini yaparak en do\u011fru [&hellip;]","og_url":"https:\/\/www.mbcmedya.net\/tr\/bizkimiz\/","og_site_name":"MBCMEDYA Dijital Medya Ajans\u0131","article_modified_time":"2021-03-10T12:31:22+00:00","og_image":[{"width":1600,"height":900,"url":"https:\/\/www.mbcmedya.net\/tr\/wp-content\/uploads\/2020\/12\/creative-team-using-laptop-and-digital-tablet-whil-EQ3FDGS.jpg","type":"image\/jpeg"}],"twitter_card":"summary_large_image","twitter_misc":{"Tahmini okuma s\u00fcresi":"1 dakika"},"schema":{"@context":"https:\/\/schema.org","@graph":[{"@type":"WebPage","@id":"https:\/\/www.mbcmedya.net\/tr\/bizkimiz\/","url":"https:\/\/www.mbcmedya.net\/tr\/bizkimiz\/","name":"Biz Kimiz? - MBCMEDYA Dijital Medya Ajans\u0131","isPartOf":{"@id":"https:\/\/www.mbcmedya.net\/tr\/#website"},"datePublished":"2019-01-02T13:26:54+00:00","dateModified":"2021-03-10T12:31:22+00:00","breadcrumb":{"@id":"https:\/\/www.mbcmedya.net\/tr\/bizkimiz\/#breadcrumb"},"inLanguage":"tr","potentialAction":[{"@type":"ReadAction","target":["https:\/\/www.mbcmedya.net\/tr\/bizkimiz\/"]}]},{"@type":"BreadcrumbList","@id":"https:\/\/www.mbcmedya.net\/tr\/bizkimiz\/#breadcrumb","itemListElement":[{"@type":"ListItem","position":1,"name":"Ana sayfa","item":"https:\/\/www.mbcmedya.net\/tr\/"},{"@type":"ListItem","position":2,"name":"Biz Kimiz?"}]},{"@type":"WebSite","@id":"https:\/\/www.mbcmedya.net\/tr\/#website","url":"https:\/\/www.mbcmedya.net\/tr\/","name":"MBCMEDYA Dijital Reklam Ajans\u0131","description":"www.mbcmedya.net","publisher":{"@id":"https:\/\/www.mbcmedya.net\/tr\/#organization"},"potentialAction":[{"@type":"SearchAction","target":{"@type":"EntryPoint","urlTemplate":"https:\/\/www.mbcmedya.net\/tr\/?s={search_term_string}"},"query-input":"required name=search_term_string"}],"inLanguage":"tr"},{"@type":"Organization","@id":"https:\/\/www.mbcmedya.net\/tr\/#organization","name":"MBCMEDYA Dijital Reklam Ajans\u0131","url":"https:\/\/www.mbcmedya.net\/tr\/","logo":{"@type":"ImageObject","inLanguage":"tr","@id":"https:\/\/www.mbcmedya.net\/tr\/#\/schema\/logo\/image\/","url":"https:\/\/www.mbcmedya.net\/tr\/wp-content\/uploads\/2020\/03\/mbcmedyatoplogo.png","contentUrl":"https:\/\/www.mbcmedya.net\/tr\/wp-content\/uploads\/2020\/03\/mbcmedyatoplogo.png","width":300,"height":36,"caption":"MBCMEDYA Dijital Reklam Ajans\u0131"},"image":{"@id":"https:\/\/www.mbcmedya.net\/tr\/#\/schema\/logo\/image\/"}}]}},"_links":{"self":[{"href":"https:\/\/www.mbcmedya.net\/tr\/wp-json\/wp\/v2\/pages\/11","targetHints":{"allow":["GET"]}}],"collection":[{"href":"https:\/\/www.mbcmedya.net\/tr\/wp-json\/wp\/v2\/pages"}],"about":[{"href":"https:\/\/www.mbcmedya.net\/tr\/wp-json\/wp\/v2\/types\/page"}],"author":[{"embeddable":true,"href":"https:\/\/www.mbcmedya.net\/tr\/wp-json\/wp\/v2\/users\/1"}],"replies":[{"embeddable":true,"href":"https:\/\/www.mbcmedya.net\/tr\/wp-json\/wp\/v2\/comments?post=11"}],"version-history":[{"count":69,"href":"https:\/\/www.mbcmedya.net\/tr\/wp-json\/wp\/v2\/pages\/11\/revisions"}],"predecessor-version":[{"id":1389,"href":"https:\/\/www.mbcmedya.net\/tr\/wp-json\/wp\/v2\/pages\/11\/revisions\/1389"}],"wp:featuredmedia":[{"embeddable":true,"href":"https:\/\/www.mbcmedya.net\/tr\/wp-json\/wp\/v2\/media\/369"}],"wp:attachment":[{"href":"https:\/\/www.mbcmedya.net\/tr\/wp-json\/wp\/v2\/media?parent=11"}],"curies":[{"name":"wp","href":"https:\/\/api.w.org\/{rel}","templated":true}]}}